{"id":1537,"date":"2020-05-19T17:41:50","date_gmt":"2020-05-19T15:41:50","guid":{"rendered":"https:\/\/oakneagle.com\/?page_id=1537"},"modified":"2020-06-22T13:19:47","modified_gmt":"2020-06-22T11:19:47","slug":"shipping-details","status":"publish","type":"page","link":"https:\/\/www.oakneagle.com\/sl\/shipping-details\/","title":{"rendered":"Dostava"},"content":{"rendered":"<div data-elementor-type=\"wp-page\" data-elementor-id=\"1537\" class=\"elementor elementor-1537\" data-elementor-settings=\"[]\">\n\t\t\t\t\t\t\t<div class=\"elementor-section-wrap\">\n\t\t\t\t\t\t\t<section class=\"elementor-element elementor-element-ae6984b elementor-hidden-desktop elementor-hidden-tablet elementor-section-boxed elementor-section-height-default elementor-section-height-default elementor-section elementor-top-section\" data-id=\"ae6984b\" data-element_type=\"section\" id=\"msh-up\">\n\t\t\t\t\t\t<div class=\"elementor-container elementor-column-gap-default\">\n\t\t\t\t\t<div class=\"elementor-element elementor-element-d0af05b elementor-column elementor-col-100 elementor-top-column\" data-id=\"d0af05b\" data-element_type=\"column\">\n\t\t\t<div class=\"elementor-widget-wrap elementor-element-populated\">\n\t\t\t\t\t\t\t\t<section class=\"elementor-element elementor-element-0c4d08e elementor-section-boxed elementor-section-height-default elementor-section-height-default elementor-section elementor-inner-section\" data-id=\"0c4d08e\" data-element_type=\"section\">\n\t\t\t\t\t\t<div class=\"elementor-container elementor-column-gap-default\">\n\t\t\t\t\t<div class=\"elementor-element elementor-element-e7767c7 elementor-column elementor-col-50 elementor-inner-column\" data-id=\"e7767c7\" data-element_type=\"column\">\n\t\t\t<div class=\"elementor-widget-wrap elementor-element-populated\">\n\t\t\t\t\t\t\t\t<div class=\"elementor-element elementor-element-88206ac elementor-widget elementor-widget-image\" data-id=\"88206ac\" data-element_type=\"widget\" data-widget_type=\"image.default\">\n\t\t\t\t<div class=\"elementor-widget-container\">\n\t\t\t\t\t<div class=\"elementor-image\">\n\t\t\t\t\t\t\t\t\t\t<img width=\"150\" height=\"150\" src=\"https:\/\/www.oakneagle.com\/wp-content\/uploads\/2020\/05\/Oak-n-Eagle-Tab-logo-150x150.gif\" class=\"attachment-thumbnail size-thumbnail\" alt=\"eagle is our symbol\" loading=\"lazy\" srcset=\"https:\/\/www.oakneagle.com\/wp-content\/uploads\/2020\/05\/Oak-n-Eagle-Tab-logo-150x150.gif 150w, https:\/\/www.oakneagle.com\/wp-content\/uploads\/2020\/05\/Oak-n-Eagle-Tab-logo-100x100.gif 100w, https:\/\/www.oakneagle.com\/wp-content\/uploads\/2020\/05\/Oak-n-Eagle-Tab-logo-600x600.gif 600w, https:\/\/www.oakneagle.com\/wp-content\/uploads\/2020\/05\/Oak-n-Eagle-Tab-logo-300x300.gif 300w, https:\/\/www.oakneagle.com\/wp-content\/uploads\/2020\/05\/Oak-n-Eagle-Tab-logo-768x768.gif 768w\" sizes=\"(max-width: 150px) 100vw, 150px\" \/>\t\t\t\t\t\t\t\t\t\t\t<\/div>\n\t\t\t\t<\/div>\n\t\t\t\t<\/div>\n\t\t\t\t\t<\/div>\n\t\t<\/div>\n\t\t\t\t<div class=\"elementor-element elementor-element-0ade96c elementor-column elementor-col-50 elementor-inner-column\" data-id=\"0ade96c\" data-element_type=\"column\">\n\t\t\t<div class=\"elementor-widget-wrap elementor-element-populated\">\n\t\t\t\t\t\t\t\t<div class=\"elementor-element elementor-element-4e5daf9 elementor-view-default elementor-widget elementor-widget-icon\" data-id=\"4e5daf9\" data-element_type=\"widget\" data-widget_type=\"icon.default\">\n\t\t\t\t<div class=\"elementor-widget-container\">\n\t\t\t\t\t<div class=\"elementor-icon-wrapper\">\n\t\t\t<a class=\"elementor-icon elementor-animation-shrink\" href=\"#msh-down\">\n\t\t\t<i aria-hidden=\"true\" class=\"fas fa-arrow-alt-circle-down\"><\/i>\t\t\t<\/a>\n\t\t<\/div>\n\t\t\t\t<\/div>\n\t\t\t\t<\/div>\n\t\t\t\t\t<\/div>\n\t\t<\/div>\n\t\t\t\t\t\t\t<\/div>\n\t\t<\/section>\n\t\t\t\t\t<\/div>\n\t\t<\/div>\n\t\t\t\t\t\t\t<\/div>\n\t\t<\/section>\n\t\t\t\t<section class=\"elementor-element elementor-element-a9b27fb elementor-hidden-phone elementor-section-boxed elementor-section-height-default elementor-section-height-default elementor-section elementor-top-section\" data-id=\"a9b27fb\" data-element_type=\"section\" id=\"sh-up\">\n\t\t\t\t\t\t<div class=\"elementor-container elementor-column-gap-default\">\n\t\t\t\t\t<div class=\"elementor-element elementor-element-28faeea elementor-column elementor-col-100 elementor-top-column\" data-id=\"28faeea\" data-element_type=\"column\">\n\t\t\t<div class=\"elementor-widget-wrap elementor-element-populated\">\n\t\t\t\t\t\t\t\t<section class=\"elementor-element elementor-element-5b22c5b elementor-section-boxed elementor-section-height-default elementor-section-height-default elementor-section elementor-inner-section\" data-id=\"5b22c5b\" data-element_type=\"section\">\n\t\t\t\t\t\t<div class=\"elementor-container elementor-column-gap-default\">\n\t\t\t\t\t<div class=\"elementor-element elementor-element-cff6897 elementor-column elementor-col-50 elementor-inner-column\" data-id=\"cff6897\" data-element_type=\"column\">\n\t\t\t<div class=\"elementor-widget-wrap elementor-element-populated\">\n\t\t\t\t\t\t\t\t<div class=\"elementor-element elementor-element-2c37bd7 elementor-widget elementor-widget-image\" data-id=\"2c37bd7\" data-element_type=\"widget\" data-widget_type=\"image.default\">\n\t\t\t\t<div class=\"elementor-widget-container\">\n\t\t\t\t\t<div class=\"elementor-image\">\n\t\t\t\t\t\t\t\t\t\t<img width=\"150\" height=\"150\" src=\"https:\/\/www.oakneagle.com\/wp-content\/uploads\/2020\/05\/Oak-n-Eagle-Tab-logo-150x150.gif\" class=\"attachment-thumbnail size-thumbnail\" alt=\"eagle is our symbol\" loading=\"lazy\" srcset=\"https:\/\/www.oakneagle.com\/wp-content\/uploads\/2020\/05\/Oak-n-Eagle-Tab-logo-150x150.gif 150w, https:\/\/www.oakneagle.com\/wp-content\/uploads\/2020\/05\/Oak-n-Eagle-Tab-logo-100x100.gif 100w, https:\/\/www.oakneagle.com\/wp-content\/uploads\/2020\/05\/Oak-n-Eagle-Tab-logo-600x600.gif 600w, https:\/\/www.oakneagle.com\/wp-content\/uploads\/2020\/05\/Oak-n-Eagle-Tab-logo-300x300.gif 300w, https:\/\/www.oakneagle.com\/wp-content\/uploads\/2020\/05\/Oak-n-Eagle-Tab-logo-768x768.gif 768w\" sizes=\"(max-width: 150px) 100vw, 150px\" \/>\t\t\t\t\t\t\t\t\t\t\t<\/div>\n\t\t\t\t<\/div>\n\t\t\t\t<\/div>\n\t\t\t\t\t<\/div>\n\t\t<\/div>\n\t\t\t\t<div class=\"elementor-element elementor-element-b8a06ab elementor-column elementor-col-50 elementor-inner-column\" data-id=\"b8a06ab\" data-element_type=\"column\">\n\t\t\t<div class=\"elementor-widget-wrap elementor-element-populated\">\n\t\t\t\t\t\t\t\t<div class=\"elementor-element elementor-element-ead5ecf elementor-view-default elementor-widget elementor-widget-icon\" data-id=\"ead5ecf\" data-element_type=\"widget\" data-widget_type=\"icon.default\">\n\t\t\t\t<div class=\"elementor-widget-container\">\n\t\t\t\t\t<div class=\"elementor-icon-wrapper\">\n\t\t\t<a class=\"elementor-icon elementor-animation-shrink\" href=\"#sh-down\">\n\t\t\t<i aria-hidden=\"true\" class=\"fas fa-arrow-alt-circle-down\"><\/i>\t\t\t<\/a>\n\t\t<\/div>\n\t\t\t\t<\/div>\n\t\t\t\t<\/div>\n\t\t\t\t\t<\/div>\n\t\t<\/div>\n\t\t\t\t\t\t\t<\/div>\n\t\t<\/section>\n\t\t\t\t\t<\/div>\n\t\t<\/div>\n\t\t\t\t\t\t\t<\/div>\n\t\t<\/section>\n\t\t\t\t<section class=\"elementor-element elementor-element-2cc6b63d elementor-section-boxed elementor-section-height-default elementor-section-height-default elementor-section elementor-top-section\" data-id=\"2cc6b63d\" data-element_type=\"section\">\n\t\t\t\t\t\t<div class=\"elementor-container elementor-column-gap-default\">\n\t\t\t\t\t<div class=\"elementor-element elementor-element-1dd94f23 elementor-column elementor-col-100 elementor-top-column\" data-id=\"1dd94f23\" data-element_type=\"column\">\n\t\t\t<div class=\"elementor-widget-wrap elementor-element-populated\">\n\t\t\t\t\t\t\t\t<div class=\"elementor-element elementor-element-51b17acf elementor-widget elementor-widget-text-editor\" data-id=\"51b17acf\" data-element_type=\"widget\" data-widget_type=\"text-editor.default\">\n\t\t\t\t<div class=\"elementor-widget-container\">\n\t\t\t\t\t<div class=\"elementor-text-editor elementor-clearfix\"><p><!-- wp:heading --><\/p>\n<h2>Dostava<\/h2>\n<p><!-- \/wp:heading --><\/p>\n<p><!-- wp:heading {\"level\":4} --><\/p>\n<h4><strong>\u010cas dostave<\/strong><\/h4>\n<p><!-- \/wp:heading --><\/p>\n<p><!-- wp:paragraph --><\/p>\n<p>Izdelki so odposlani v najkraj\u0161em mo\u017enem \u010dasu, navadno v 24-48h od potrditve (velja za delovne dni), razen \u010de je navedeno druga\u010de. V primeru odlo\u010ditve za graviranje se \u010das zaradi personalizirane obdelave lahko podalj\u0161a za 2-3 dni.<br \/>V \u010dasu praznikov in kolektivnih dopustov na\u0161ih dostavnih partnerjev se \u010das dostave lahko podalj\u0161a.<\/p>\n<p><!-- \/wp:paragraph --><\/p>\n<p><!-- wp:paragraph --><\/p>\n<p>Vsa naro\u010dila so odposlana iz na\u0161ega skladi\u0161\u010da v Sloveniji. <strong>Trenutno nudimo samo dostavo znotraj EU. Za naro\u010dila izven EU nas prosimo kontaktirajte na <\/strong><strong><em>info@oakneagle.com<\/em> in vam bomo sku\u0161ali pomagati.<\/strong><\/p>\n<p>Dostavo po vsem svetu na\u010drtujemo dodati kmalu.\u00a0<\/p>\n<p><!-- \/wp:paragraph --><\/p>\n<p><!-- wp:heading {\"level\":4} --><\/p>\n<h4><strong>Na\u010din dostave<\/strong><\/h4>\n<p><!-- \/wp:heading --><\/p>\n<p><!-- wp:paragraph --><\/p>\n<p>Za Slovenijo velja, da je dostava navadno izvedena v 24-48 urah od oddaje po\u0161iljke. Paket bo dostavljen na naslov, ki ste ga navedli ob naro\u010dilu.<\/p>\n<p><!-- \/wp:paragraph --><\/p>\n<p><!-- wp:heading {\"level\":4} --><\/p>\n<h4><strong>Stro\u0161ki<\/strong><\/h4>\n<p><!-- \/wp:heading --><\/p>\n<p><!-- wp:paragraph --><\/p>\n<p>Stro\u0161ki dostave so odvisni od izdelka, te\u017ee in lokacije naro\u010dnika. Lahko pa tudi uporabite kalkulator za izra\u010dun po\u0161tnine v ko\u0161arici.<\/p>\n<p><!-- \/wp:paragraph --><\/p>\n<p><!-- wp:heading {\"level\":4} --><\/p>\n<h4><strong>Potrditveni Email<\/strong><\/h4>\n<p><!-- \/wp:heading --><\/p>\n<p><!-- wp:paragraph --><\/p>\n<p>\u010ce je bil nakup uspe\u0161en, boste v kratkem prejeli potrditveno e-po\u0161to s seznamom naro\u010denih izdelkov, ceno in va\u0161im naslovom.<\/p>\n<p><!-- \/wp:paragraph --><\/p>\n<p><!-- wp:heading {\"level\":4} --><\/p>\n<h4><strong>Izgubljena po\u0161iljka<\/strong><\/h4>\n<p><!-- \/wp:heading --><\/p>\n<p><!-- wp:paragraph --><\/p>\n<p>\u010ce blaga niste prejeli po enem tednu od na\u0161e potrditve in oddaje po\u0161iljke, nas prosimo kontaktirajte na na\u0161 mail za pomo\u010d strankam: info@oakneagle.com. Pomagali vam bomo po najbolj\u0161ih mo\u010deh.<\/p>\n<p><!-- \/wp:paragraph --><\/p><\/div>\n\t\t\t\t<\/div>\n\t\t\t\t<\/div>\n\t\t\t\t\t<\/div>\n\t\t<\/div>\n\t\t\t\t\t\t\t<\/div>\n\t\t<\/section>\n\t\t\t\t<section class=\"elementor-element elementor-element-4f7356c elementor-hidden-phone elementor-section-boxed elementor-section-height-default elementor-section-height-default elementor-section elementor-top-section\" data-id=\"4f7356c\" data-element_type=\"section\" id=\"sh-down\">\n\t\t\t\t\t\t<div class=\"elementor-container elementor-column-gap-default\">\n\t\t\t\t\t<div class=\"elementor-element elementor-element-dba8867 elementor-column elementor-col-50 elementor-top-column\" data-id=\"dba8867\" data-element_type=\"column\">\n\t\t\t<div class=\"elementor-widget-wrap elementor-element-populated\">\n\t\t\t\t\t\t\t\t<div class=\"elementor-element elementor-element-c070eca elementor-mobile-align-center elementor-align-center elementor-widget elementor-widget-button\" data-id=\"c070eca\" data-element_type=\"widget\" data-widget_type=\"button.default\">\n\t\t\t\t<div class=\"elementor-widget-container\">\n\t\t\t\t\t<div class=\"elementor-button-wrapper\">\n\t\t\t<a href=\"https:\/\/www.oakneagle.com\/sl\/\" class=\"elementor-button-link elementor-button elementor-size-sm\" role=\"button\">\n\t\t\t\t\t\t<span class=\"elementor-button-content-wrapper\">\n\t\t\t\t\t\t<span class=\"elementor-button-text\">Domov<\/span>\n\t\t<\/span>\n\t\t\t\t\t<\/a>\n\t\t<\/div>\n\t\t\t\t<\/div>\n\t\t\t\t<\/div>\n\t\t\t\t\t<\/div>\n\t\t<\/div>\n\t\t\t\t<div class=\"elementor-element elementor-element-ffe9fbc elementor-column elementor-col-50 elementor-top-column\" data-id=\"ffe9fbc\" data-element_type=\"column\">\n\t\t\t<div class=\"elementor-widget-wrap elementor-element-populated\">\n\t\t\t\t\t\t\t\t<div class=\"elementor-element elementor-element-c28139f elementor-view-default elementor-widget elementor-widget-icon\" data-id=\"c28139f\" data-element_type=\"widget\" data-widget_type=\"icon.default\">\n\t\t\t\t<div class=\"elementor-widget-container\">\n\t\t\t\t\t<div class=\"elementor-icon-wrapper\">\n\t\t\t<a class=\"elementor-icon elementor-animation-shrink\" href=\"#sh-up\">\n\t\t\t<i aria-hidden=\"true\" class=\"fas fa-arrow-alt-circle-up\"><\/i>\t\t\t<\/a>\n\t\t<\/div>\n\t\t\t\t<\/div>\n\t\t\t\t<\/div>\n\t\t\t\t\t<\/div>\n\t\t<\/div>\n\t\t\t\t\t\t\t<\/div>\n\t\t<\/section>\n\t\t\t\t<section class=\"elementor-element elementor-element-917110f elementor-hidden-desktop elementor-hidden-tablet elementor-section-boxed elementor-section-height-default elementor-section-height-default elementor-section elementor-top-section\" data-id=\"917110f\" data-element_type=\"section\" id=\"msh-down\">\n\t\t\t\t\t\t<div class=\"elementor-container elementor-column-gap-default\">\n\t\t\t\t\t<div class=\"elementor-element elementor-element-487012c elementor-column elementor-col-100 elementor-top-column\" data-id=\"487012c\" data-element_type=\"column\">\n\t\t\t<div class=\"elementor-widget-wrap elementor-element-populated\">\n\t\t\t\t\t\t\t\t<div class=\"elementor-element elementor-element-8b584ca elementor-view-default elementor-widget elementor-widget-icon\" data-id=\"8b584ca\" data-element_type=\"widget\" data-widget_type=\"icon.default\">\n\t\t\t\t<div class=\"elementor-widget-container\">\n\t\t\t\t\t<div class=\"elementor-icon-wrapper\">\n\t\t\t<a class=\"elementor-icon elementor-animation-shrink\" href=\"#msh-up\">\n\t\t\t<i aria-hidden=\"true\" class=\"fas fa-arrow-alt-circle-up\"><\/i>\t\t\t<\/a>\n\t\t<\/div>\n\t\t\t\t<\/div>\n\t\t\t\t<\/div>\n\t\t\t\t<div class=\"elementor-element elementor-element-1032eda elementor-mobile-align-center elementor-align-center elementor-widget elementor-widget-button\" data-id=\"1032eda\" data-element_type=\"widget\" data-widget_type=\"button.default\">\n\t\t\t\t<div class=\"elementor-widget-container\">\n\t\t\t\t\t<div class=\"elementor-button-wrapper\">\n\t\t\t<a href=\"https:\/\/www.oakneagle.com\/sl\/\" class=\"elementor-button-link elementor-button elementor-size-sm\" role=\"button\">\n\t\t\t\t\t\t<span class=\"elementor-button-content-wrapper\">\n\t\t\t\t\t\t<span class=\"elementor-button-text\">Domov<\/span>\n\t\t<\/span>\n\t\t\t\t\t<\/a>\n\t\t<\/div>\n\t\t\t\t<\/div>\n\t\t\t\t<\/div>\n\t\t\t\t\t<\/div>\n\t\t<\/div>\n\t\t\t\t\t\t\t<\/div>\n\t\t<\/section>\n\t\t\t\t\t\t<\/div>\n\t\t\t\t\t<\/div>","protected":false},"excerpt":{"rendered":"<p>Shipping Details Shipping time The goods will be shipped to the customer in the shortest possible time, usually the goods are shipped to the customer in 24-48 hours (working days) from the confirmation of the order (unless otherwise specified).In time of national and collective holidays of our delivery partners, the shipping time might extend. The &hellip;<\/p>\n<p class=\"read-more\"> <a class=\"\" href=\"https:\/\/www.oakneagle.com\/sl\/shipping-details\/\"> <span class=\"screen-reader-text\">Dostava<\/span> Read More &raquo;<\/a><\/p>","protected":false},"author":1,"featured_media":0,"parent":0,"menu_order":0,"comment_status":"closed","ping_status":"closed","template":"","meta":[],"_links":{"self":[{"href":"https:\/\/www.oakneagle.com\/sl\/wp-json\/wp\/v2\/pages\/1537"}],"collection":[{"href":"https:\/\/www.oakneagle.com\/sl\/wp-json\/wp\/v2\/pages"}],"about":[{"href":"https:\/\/www.oakneagle.com\/sl\/wp-json\/wp\/v2\/types\/page"}],"author":[{"embeddable":true,"href":"https:\/\/www.oakneagle.com\/sl\/wp-json\/wp\/v2\/users\/1"}],"replies":[{"embeddable":true,"href":"https:\/\/www.oakneagle.com\/sl\/wp-json\/wp\/v2\/comments?post=1537"}],"version-history":[{"count":11,"href":"https:\/\/www.oakneagle.com\/sl\/wp-json\/wp\/v2\/pages\/1537\/revisions"}],"predecessor-version":[{"id":3355,"href":"https:\/\/www.oakneagle.com\/sl\/wp-json\/wp\/v2\/pages\/1537\/revisions\/3355"}],"wp:attachment":[{"href":"https:\/\/www.oakneagle.com\/sl\/wp-json\/wp\/v2\/media?parent=1537"}],"curies":[{"name":"wp","href":"https:\/\/api.w.org\/{rel}","templated":true}]}}