{"id":1543,"date":"2020-05-19T17:47:06","date_gmt":"2020-05-19T15:47:06","guid":{"rendered":"https:\/\/oakneagle.com\/?page_id=1543"},"modified":"2020-06-22T13:24:27","modified_gmt":"2020-06-22T11:24:27","slug":"faq","status":"publish","type":"page","link":"https:\/\/www.oakneagle.com\/sl\/faq\/","title":{"rendered":"Pogosta vpra\u0161anja"},"content":{"rendered":"<div data-elementor-type=\"wp-page\" data-elementor-id=\"1543\" class=\"elementor elementor-1543\" data-elementor-settings=\"[]\">\n\t\t\t\t\t\t\t<div class=\"elementor-section-wrap\">\n\t\t\t\t\t\t\t<section class=\"elementor-element elementor-element-727d6d3 elementor-hidden-desktop elementor-hidden-tablet elementor-section-boxed elementor-section-height-default elementor-section-height-default elementor-section elementor-top-section\" data-id=\"727d6d3\" data-element_type=\"section\" id=\"mfaq-up\">\n\t\t\t\t\t\t<div class=\"elementor-container elementor-column-gap-default\">\n\t\t\t\t\t<div class=\"elementor-element elementor-element-c1a9097 elementor-column elementor-col-100 elementor-top-column\" data-id=\"c1a9097\" data-element_type=\"column\">\n\t\t\t<div class=\"elementor-widget-wrap elementor-element-populated\">\n\t\t\t\t\t\t\t\t<section class=\"elementor-element elementor-element-11fb474 elementor-section-boxed elementor-section-height-default elementor-section-height-default elementor-section elementor-inner-section\" data-id=\"11fb474\" data-element_type=\"section\">\n\t\t\t\t\t\t<div class=\"elementor-container elementor-column-gap-default\">\n\t\t\t\t\t<div class=\"elementor-element elementor-element-fdfa2c5 elementor-column elementor-col-50 elementor-inner-column\" data-id=\"fdfa2c5\" data-element_type=\"column\">\n\t\t\t<div class=\"elementor-widget-wrap elementor-element-populated\">\n\t\t\t\t\t\t\t\t<div class=\"elementor-element elementor-element-ec97a00 elementor-widget elementor-widget-image\" data-id=\"ec97a00\" data-element_type=\"widget\" data-widget_type=\"image.default\">\n\t\t\t\t<div class=\"elementor-widget-container\">\n\t\t\t\t\t<div class=\"elementor-image\">\n\t\t\t\t\t\t\t\t\t\t<img width=\"150\" height=\"150\" src=\"https:\/\/www.oakneagle.com\/wp-content\/uploads\/2020\/05\/Oak-n-Eagle-Tab-logo-150x150.gif\" class=\"attachment-thumbnail size-thumbnail\" alt=\"eagle is our symbol\" loading=\"lazy\" srcset=\"https:\/\/www.oakneagle.com\/wp-content\/uploads\/2020\/05\/Oak-n-Eagle-Tab-logo-150x150.gif 150w, https:\/\/www.oakneagle.com\/wp-content\/uploads\/2020\/05\/Oak-n-Eagle-Tab-logo-100x100.gif 100w, https:\/\/www.oakneagle.com\/wp-content\/uploads\/2020\/05\/Oak-n-Eagle-Tab-logo-600x600.gif 600w, https:\/\/www.oakneagle.com\/wp-content\/uploads\/2020\/05\/Oak-n-Eagle-Tab-logo-300x300.gif 300w, https:\/\/www.oakneagle.com\/wp-content\/uploads\/2020\/05\/Oak-n-Eagle-Tab-logo-768x768.gif 768w\" sizes=\"(max-width: 150px) 100vw, 150px\" \/>\t\t\t\t\t\t\t\t\t\t\t<\/div>\n\t\t\t\t<\/div>\n\t\t\t\t<\/div>\n\t\t\t\t\t<\/div>\n\t\t<\/div>\n\t\t\t\t<div class=\"elementor-element elementor-element-38fe725 elementor-column elementor-col-50 elementor-inner-column\" data-id=\"38fe725\" data-element_type=\"column\">\n\t\t\t<div class=\"elementor-widget-wrap elementor-element-populated\">\n\t\t\t\t\t\t\t\t<div class=\"elementor-element elementor-element-0abfe7b elementor-view-default elementor-widget elementor-widget-icon\" data-id=\"0abfe7b\" data-element_type=\"widget\" data-widget_type=\"icon.default\">\n\t\t\t\t<div class=\"elementor-widget-container\">\n\t\t\t\t\t<div class=\"elementor-icon-wrapper\">\n\t\t\t<a class=\"elementor-icon elementor-animation-shrink\" href=\"#mfaq-down\">\n\t\t\t<i aria-hidden=\"true\" class=\"fas fa-arrow-alt-circle-down\"><\/i>\t\t\t<\/a>\n\t\t<\/div>\n\t\t\t\t<\/div>\n\t\t\t\t<\/div>\n\t\t\t\t\t<\/div>\n\t\t<\/div>\n\t\t\t\t\t\t\t<\/div>\n\t\t<\/section>\n\t\t\t\t\t<\/div>\n\t\t<\/div>\n\t\t\t\t\t\t\t<\/div>\n\t\t<\/section>\n\t\t\t\t<section class=\"elementor-element elementor-element-ed93875 elementor-hidden-phone elementor-section-boxed elementor-section-height-default elementor-section-height-default elementor-section elementor-top-section\" data-id=\"ed93875\" data-element_type=\"section\" id=\"faq-up\">\n\t\t\t\t\t\t<div class=\"elementor-container elementor-column-gap-default\">\n\t\t\t\t\t<div class=\"elementor-element elementor-element-c917c62 elementor-column elementor-col-100 elementor-top-column\" data-id=\"c917c62\" data-element_type=\"column\">\n\t\t\t<div class=\"elementor-widget-wrap elementor-element-populated\">\n\t\t\t\t\t\t\t\t<section class=\"elementor-element elementor-element-1817467 elementor-section-boxed elementor-section-height-default elementor-section-height-default elementor-section elementor-inner-section\" data-id=\"1817467\" data-element_type=\"section\">\n\t\t\t\t\t\t<div class=\"elementor-container elementor-column-gap-default\">\n\t\t\t\t\t<div class=\"elementor-element elementor-element-de64541 elementor-column elementor-col-50 elementor-inner-column\" data-id=\"de64541\" data-element_type=\"column\">\n\t\t\t<div class=\"elementor-widget-wrap elementor-element-populated\">\n\t\t\t\t\t\t\t\t<div class=\"elementor-element elementor-element-d2c0882 elementor-widget elementor-widget-image\" data-id=\"d2c0882\" data-element_type=\"widget\" data-widget_type=\"image.default\">\n\t\t\t\t<div class=\"elementor-widget-container\">\n\t\t\t\t\t<div class=\"elementor-image\">\n\t\t\t\t\t\t\t\t\t\t<img width=\"150\" height=\"150\" src=\"https:\/\/www.oakneagle.com\/wp-content\/uploads\/2020\/05\/Oak-n-Eagle-Tab-logo-150x150.gif\" class=\"attachment-thumbnail size-thumbnail\" alt=\"eagle is our symbol\" loading=\"lazy\" srcset=\"https:\/\/www.oakneagle.com\/wp-content\/uploads\/2020\/05\/Oak-n-Eagle-Tab-logo-150x150.gif 150w, https:\/\/www.oakneagle.com\/wp-content\/uploads\/2020\/05\/Oak-n-Eagle-Tab-logo-100x100.gif 100w, https:\/\/www.oakneagle.com\/wp-content\/uploads\/2020\/05\/Oak-n-Eagle-Tab-logo-600x600.gif 600w, https:\/\/www.oakneagle.com\/wp-content\/uploads\/2020\/05\/Oak-n-Eagle-Tab-logo-300x300.gif 300w, https:\/\/www.oakneagle.com\/wp-content\/uploads\/2020\/05\/Oak-n-Eagle-Tab-logo-768x768.gif 768w\" sizes=\"(max-width: 150px) 100vw, 150px\" \/>\t\t\t\t\t\t\t\t\t\t\t<\/div>\n\t\t\t\t<\/div>\n\t\t\t\t<\/div>\n\t\t\t\t\t<\/div>\n\t\t<\/div>\n\t\t\t\t<div class=\"elementor-element elementor-element-4a0bda8 elementor-column elementor-col-50 elementor-inner-column\" data-id=\"4a0bda8\" data-element_type=\"column\">\n\t\t\t<div class=\"elementor-widget-wrap elementor-element-populated\">\n\t\t\t\t\t\t\t\t<div class=\"elementor-element elementor-element-f14b28d elementor-view-default elementor-widget elementor-widget-icon\" data-id=\"f14b28d\" data-element_type=\"widget\" data-widget_type=\"icon.default\">\n\t\t\t\t<div class=\"elementor-widget-container\">\n\t\t\t\t\t<div class=\"elementor-icon-wrapper\">\n\t\t\t<a class=\"elementor-icon elementor-animation-shrink\" href=\"#faq-down\">\n\t\t\t<i aria-hidden=\"true\" class=\"fas fa-arrow-alt-circle-down\"><\/i>\t\t\t<\/a>\n\t\t<\/div>\n\t\t\t\t<\/div>\n\t\t\t\t<\/div>\n\t\t\t\t\t<\/div>\n\t\t<\/div>\n\t\t\t\t\t\t\t<\/div>\n\t\t<\/section>\n\t\t\t\t\t<\/div>\n\t\t<\/div>\n\t\t\t\t\t\t\t<\/div>\n\t\t<\/section>\n\t\t\t\t<section class=\"elementor-element elementor-element-a690f2f elementor-section-boxed elementor-section-height-default elementor-section-height-default elementor-section elementor-top-section\" data-id=\"a690f2f\" data-element_type=\"section\">\n\t\t\t\t\t\t<div class=\"elementor-container elementor-column-gap-default\">\n\t\t\t\t\t<div class=\"elementor-element elementor-element-b7271eb elementor-column elementor-col-100 elementor-top-column\" data-id=\"b7271eb\" data-element_type=\"column\">\n\t\t\t<div class=\"elementor-widget-wrap elementor-element-populated\">\n\t\t\t\t\t\t\t\t<div class=\"elementor-element elementor-element-3b0af25 elementor-widget elementor-widget-heading\" data-id=\"3b0af25\" data-element_type=\"widget\" data-widget_type=\"heading.default\">\n\t\t\t\t<div class=\"elementor-widget-container\">\n\t\t\t<h2 class=\"elementor-heading-title elementor-size-default\">Pogosta vpra\u0161anja<\/h2>\t\t<\/div>\n\t\t\t\t<\/div>\n\t\t\t\t\t<\/div>\n\t\t<\/div>\n\t\t\t\t\t\t\t<\/div>\n\t\t<\/section>\n\t\t\t\t<section class=\"elementor-element elementor-element-6b28a374 elementor-section-boxed elementor-section-height-default elementor-section-height-default elementor-section elementor-top-section\" data-id=\"6b28a374\" data-element_type=\"section\">\n\t\t\t\t\t\t<div class=\"elementor-container elementor-column-gap-default\">\n\t\t\t\t\t<div class=\"elementor-element elementor-element-4cf05fb9 elementor-column elementor-col-100 elementor-top-column\" data-id=\"4cf05fb9\" data-element_type=\"column\">\n\t\t\t<div class=\"elementor-widget-wrap elementor-element-populated\">\n\t\t\t\t\t\t\t\t<div class=\"elementor-element elementor-element-18874c5f elementor-widget elementor-widget-text-editor\" data-id=\"18874c5f\" data-element_type=\"widget\" data-widget_type=\"text-editor.default\">\n\t\t\t\t<div class=\"elementor-widget-container\">\n\t\t\t\t\t<div class=\"elementor-text-editor elementor-clearfix\"><p><!-- wp:heading {\"level\":4} --><\/p>\n<h4><strong>Kako lahko pla\u010dam?<\/strong><\/h4>\n<p><!-- \/wp:heading --><\/p>\n<p><!-- wp:paragraph --><\/p>\n<p>\u010ce \u017eelite naro\u010diti v vrednosti ve\u010d kot 100 EUR nas lahko kontaktirate za morebiten popust. Ve\u010d na info@oakneagle.com. <br \/>Pla\u010dilo je mo\u017eno s kreditnimi karticami in po povzetju ali z uporabo Paypal ra\u010duna.<\/p>\n<p><!-- \/wp:paragraph --><\/p>\n<p><!-- wp:heading {\"level\":4} --><\/p>\n<h4><strong>Ali so na\u0161i izdelki testirani?<\/strong><\/h4>\n<p><!-- \/wp:heading --><\/p>\n<p><!-- wp:paragraph --><\/p>\n<p>Na\u0161a ekipa vsakodnevno uporablja opremo pri treningu. Prav tako zagotavljamo redne naklju\u010dne teste, da zagotovimo kakovostno proizvodnjo.<\/p>\n<p><!-- \/wp:paragraph --><\/p>\n<p><!-- wp:heading {\"level\":4} --><\/p>\n<h4><strong>Koliko stane po\u0161tnina?<\/strong><\/h4>\n<p><!-- \/wp:heading --><\/p>\n<p><!-- wp:paragraph --><\/p>\n<p>Stro\u0161ki dostave so odvisni od izdelka, te\u017ee in lokacije naro\u010dnika. Lahko pa tudi uporabite kalkulator za izra\u010dun po\u0161tnine v ko\u0161arici.<\/p>\n<h4><strong>Are we offering worldwide shipping?<\/strong><\/h4>\n<p>At the moment we are offering just shipping inside EU. If you would really like one of our products and you live outside EU, please feel free to contact us at info@oakneagle.com and we will try to make it work for you.<\/p>\n<p>\u00a0<\/p>\n<p><!-- \/wp:paragraph --><\/p>\n<p><!-- wp:paragraph --><\/p>\n<p><!-- \/wp:paragraph --><\/p><\/div>\n\t\t\t\t<\/div>\n\t\t\t\t<\/div>\n\t\t\t\t\t<\/div>\n\t\t<\/div>\n\t\t\t\t\t\t\t<\/div>\n\t\t<\/section>\n\t\t\t\t<section class=\"elementor-element elementor-element-f55b46e elementor-hidden-phone elementor-section-boxed elementor-section-height-default elementor-section-height-default elementor-section elementor-top-section\" data-id=\"f55b46e\" data-element_type=\"section\" id=\"faq-down\">\n\t\t\t\t\t\t<div class=\"elementor-container elementor-column-gap-default\">\n\t\t\t\t\t<div class=\"elementor-element elementor-element-251f5af elementor-column elementor-col-50 elementor-top-column\" data-id=\"251f5af\" data-element_type=\"column\">\n\t\t\t<div class=\"elementor-widget-wrap elementor-element-populated\">\n\t\t\t\t\t\t\t\t<div class=\"elementor-element elementor-element-2d3995f elementor-mobile-align-center elementor-align-center elementor-widget elementor-widget-button\" data-id=\"2d3995f\" data-element_type=\"widget\" data-widget_type=\"button.default\">\n\t\t\t\t<div class=\"elementor-widget-container\">\n\t\t\t\t\t<div class=\"elementor-button-wrapper\">\n\t\t\t<a href=\"https:\/\/www.oakneagle.com\/sl\/\" class=\"elementor-button-link elementor-button elementor-size-sm\" role=\"button\">\n\t\t\t\t\t\t<span class=\"elementor-button-content-wrapper\">\n\t\t\t\t\t\t<span class=\"elementor-button-text\">Domov<\/span>\n\t\t<\/span>\n\t\t\t\t\t<\/a>\n\t\t<\/div>\n\t\t\t\t<\/div>\n\t\t\t\t<\/div>\n\t\t\t\t\t<\/div>\n\t\t<\/div>\n\t\t\t\t<div class=\"elementor-element elementor-element-b9e3a76 elementor-column elementor-col-50 elementor-top-column\" data-id=\"b9e3a76\" data-element_type=\"column\">\n\t\t\t<div class=\"elementor-widget-wrap elementor-element-populated\">\n\t\t\t\t\t\t\t\t<div class=\"elementor-element elementor-element-13cf770 elementor-view-default elementor-widget elementor-widget-icon\" data-id=\"13cf770\" data-element_type=\"widget\" data-widget_type=\"icon.default\">\n\t\t\t\t<div class=\"elementor-widget-container\">\n\t\t\t\t\t<div class=\"elementor-icon-wrapper\">\n\t\t\t<a class=\"elementor-icon elementor-animation-shrink\" href=\"#faq-up\">\n\t\t\t<i aria-hidden=\"true\" class=\"fas fa-arrow-alt-circle-up\"><\/i>\t\t\t<\/a>\n\t\t<\/div>\n\t\t\t\t<\/div>\n\t\t\t\t<\/div>\n\t\t\t\t\t<\/div>\n\t\t<\/div>\n\t\t\t\t\t\t\t<\/div>\n\t\t<\/section>\n\t\t\t\t<section class=\"elementor-element elementor-element-fa2fbd0 elementor-hidden-desktop elementor-hidden-tablet elementor-section-boxed elementor-section-height-default elementor-section-height-default elementor-section elementor-top-section\" data-id=\"fa2fbd0\" data-element_type=\"section\" id=\"mfaq-down\">\n\t\t\t\t\t\t<div class=\"elementor-container elementor-column-gap-default\">\n\t\t\t\t\t<div class=\"elementor-element elementor-element-6563fb3 elementor-column elementor-col-100 elementor-top-column\" data-id=\"6563fb3\" data-element_type=\"column\">\n\t\t\t<div class=\"elementor-widget-wrap elementor-element-populated\">\n\t\t\t\t\t\t\t\t<div class=\"elementor-element elementor-element-c021bdc elementor-view-default elementor-widget elementor-widget-icon\" data-id=\"c021bdc\" data-element_type=\"widget\" data-widget_type=\"icon.default\">\n\t\t\t\t<div class=\"elementor-widget-container\">\n\t\t\t\t\t<div class=\"elementor-icon-wrapper\">\n\t\t\t<a class=\"elementor-icon elementor-animation-shrink\" href=\"#mfaq-up\">\n\t\t\t<i aria-hidden=\"true\" class=\"fas fa-arrow-alt-circle-up\"><\/i>\t\t\t<\/a>\n\t\t<\/div>\n\t\t\t\t<\/div>\n\t\t\t\t<\/div>\n\t\t\t\t<div class=\"elementor-element elementor-element-40ed480 elementor-mobile-align-center elementor-align-center elementor-widget elementor-widget-button\" data-id=\"40ed480\" data-element_type=\"widget\" data-widget_type=\"button.default\">\n\t\t\t\t<div class=\"elementor-widget-container\">\n\t\t\t\t\t<div class=\"elementor-button-wrapper\">\n\t\t\t<a href=\"https:\/\/www.oakneagle.com\/sl\/\" class=\"elementor-button-link elementor-button elementor-size-sm\" role=\"button\">\n\t\t\t\t\t\t<span class=\"elementor-button-content-wrapper\">\n\t\t\t\t\t\t<span class=\"elementor-button-text\">Domov<\/span>\n\t\t<\/span>\n\t\t\t\t\t<\/a>\n\t\t<\/div>\n\t\t\t\t<\/div>\n\t\t\t\t<\/div>\n\t\t\t\t\t<\/div>\n\t\t<\/div>\n\t\t\t\t\t\t\t<\/div>\n\t\t<\/section>\n\t\t\t\t\t\t<\/div>\n\t\t\t\t\t<\/div>","protected":false},"excerpt":{"rendered":"<p>Frequently Asked Questions How can I pay for my order? If you would like to order products in a total of more than 100 EUR, feel free to contact us at info@oakneagle.com and we can get you a proper discount. At the moment, we accept credit or debit card payments, PayPal and cash on delivery &hellip;<\/p>\n<p class=\"read-more\"> <a class=\"\" href=\"https:\/\/www.oakneagle.com\/sl\/faq\/\"> <span class=\"screen-reader-text\">Pogosta vpra\u0161anja<\/span> Read More &raquo;<\/a><\/p>","protected":false},"author":1,"featured_media":0,"parent":0,"menu_order":0,"comment_status":"closed","ping_status":"closed","template":"","meta":[],"_links":{"self":[{"href":"https:\/\/www.oakneagle.com\/sl\/wp-json\/wp\/v2\/pages\/1543"}],"collection":[{"href":"https:\/\/www.oakneagle.com\/sl\/wp-json\/wp\/v2\/pages"}],"about":[{"href":"https:\/\/www.oakneagle.com\/sl\/wp-json\/wp\/v2\/types\/page"}],"author":[{"embeddable":true,"href":"https:\/\/www.oakneagle.com\/sl\/wp-json\/wp\/v2\/users\/1"}],"replies":[{"embeddable":true,"href":"https:\/\/www.oakneagle.com\/sl\/wp-json\/wp\/v2\/comments?post=1543"}],"version-history":[{"count":13,"href":"https:\/\/www.oakneagle.com\/sl\/wp-json\/wp\/v2\/pages\/1543\/revisions"}],"predecessor-version":[{"id":3357,"href":"https:\/\/www.oakneagle.com\/sl\/wp-json\/wp\/v2\/pages\/1543\/revisions\/3357"}],"wp:attachment":[{"href":"https:\/\/www.oakneagle.com\/sl\/wp-json\/wp\/v2\/media?parent=1543"}],"curies":[{"name":"wp","href":"https:\/\/api.w.org\/{rel}","templated":true}]}}