{"id":3115,"date":"2020-06-17T08:22:32","date_gmt":"2020-06-17T06:22:32","guid":{"rendered":"https:\/\/www.oakneagle.com\/?page_id=3115"},"modified":"2020-06-17T08:43:11","modified_gmt":"2020-06-17T06:43:11","slug":"safety-instructions","status":"publish","type":"page","link":"https:\/\/www.oakneagle.com\/sl\/safety-instructions\/","title":{"rendered":"Varnostna navodila"},"content":{"rendered":"<div data-elementor-type=\"wp-page\" data-elementor-id=\"3115\" class=\"elementor elementor-3115\" data-elementor-settings=\"[]\">\n\t\t\t\t\t\t\t<div class=\"elementor-section-wrap\">\n\t\t\t\t\t\t\t<section class=\"elementor-element elementor-element-a06c84e elementor-hidden-desktop elementor-hidden-tablet elementor-section-boxed elementor-section-height-default elementor-section-height-default elementor-section elementor-top-section\" data-id=\"a06c84e\" data-element_type=\"section\" id=\"mrp-up\">\n\t\t\t\t\t\t<div class=\"elementor-container elementor-column-gap-default\">\n\t\t\t\t\t<div class=\"elementor-element elementor-element-1f45d0f elementor-column elementor-col-100 elementor-top-column\" data-id=\"1f45d0f\" data-element_type=\"column\">\n\t\t\t<div class=\"elementor-widget-wrap elementor-element-populated\">\n\t\t\t\t\t\t\t\t<section class=\"elementor-element elementor-element-5c4f89c elementor-section-boxed elementor-section-height-default elementor-section-height-default elementor-section elementor-inner-section\" data-id=\"5c4f89c\" data-element_type=\"section\">\n\t\t\t\t\t\t<div class=\"elementor-container elementor-column-gap-default\">\n\t\t\t\t\t<div class=\"elementor-element elementor-element-72f2926 elementor-column elementor-col-50 elementor-inner-column\" data-id=\"72f2926\" data-element_type=\"column\">\n\t\t\t<div class=\"elementor-widget-wrap elementor-element-populated\">\n\t\t\t\t\t\t\t\t<div class=\"elementor-element elementor-element-deeccfe elementor-widget elementor-widget-image\" data-id=\"deeccfe\" data-element_type=\"widget\" data-widget_type=\"image.default\">\n\t\t\t\t<div class=\"elementor-widget-container\">\n\t\t\t\t\t<div class=\"elementor-image\">\n\t\t\t\t\t\t\t\t\t\t<img width=\"150\" height=\"150\" src=\"https:\/\/www.oakneagle.com\/wp-content\/uploads\/2020\/05\/Oak-n-Eagle-Tab-logo-150x150.gif\" class=\"attachment-thumbnail size-thumbnail\" alt=\"eagle is our symbol\" loading=\"lazy\" srcset=\"https:\/\/www.oakneagle.com\/wp-content\/uploads\/2020\/05\/Oak-n-Eagle-Tab-logo-150x150.gif 150w, https:\/\/www.oakneagle.com\/wp-content\/uploads\/2020\/05\/Oak-n-Eagle-Tab-logo-100x100.gif 100w, https:\/\/www.oakneagle.com\/wp-content\/uploads\/2020\/05\/Oak-n-Eagle-Tab-logo-600x600.gif 600w, https:\/\/www.oakneagle.com\/wp-content\/uploads\/2020\/05\/Oak-n-Eagle-Tab-logo-300x300.gif 300w, https:\/\/www.oakneagle.com\/wp-content\/uploads\/2020\/05\/Oak-n-Eagle-Tab-logo-768x768.gif 768w\" sizes=\"(max-width: 150px) 100vw, 150px\" \/>\t\t\t\t\t\t\t\t\t\t\t<\/div>\n\t\t\t\t<\/div>\n\t\t\t\t<\/div>\n\t\t\t\t\t<\/div>\n\t\t<\/div>\n\t\t\t\t<div class=\"elementor-element elementor-element-115fd57 elementor-column elementor-col-50 elementor-inner-column\" data-id=\"115fd57\" data-element_type=\"column\">\n\t\t\t<div class=\"elementor-widget-wrap elementor-element-populated\">\n\t\t\t\t\t\t\t\t<div class=\"elementor-element elementor-element-21b70bd elementor-view-default elementor-widget elementor-widget-icon\" data-id=\"21b70bd\" data-element_type=\"widget\" data-widget_type=\"icon.default\">\n\t\t\t\t<div class=\"elementor-widget-container\">\n\t\t\t\t\t<div class=\"elementor-icon-wrapper\">\n\t\t\t<a class=\"elementor-icon elementor-animation-shrink\" href=\"#mrp-down\">\n\t\t\t<i aria-hidden=\"true\" class=\"fas fa-arrow-alt-circle-down\"><\/i>\t\t\t<\/a>\n\t\t<\/div>\n\t\t\t\t<\/div>\n\t\t\t\t<\/div>\n\t\t\t\t\t<\/div>\n\t\t<\/div>\n\t\t\t\t\t\t\t<\/div>\n\t\t<\/section>\n\t\t\t\t\t<\/div>\n\t\t<\/div>\n\t\t\t\t\t\t\t<\/div>\n\t\t<\/section>\n\t\t\t\t<section class=\"elementor-element elementor-element-3f64686 elementor-hidden-phone elementor-section-boxed elementor-section-height-default elementor-section-height-default elementor-section elementor-top-section\" data-id=\"3f64686\" data-element_type=\"section\" id=\"rp-up\">\n\t\t\t\t\t\t<div class=\"elementor-container elementor-column-gap-default\">\n\t\t\t\t\t<div class=\"elementor-element elementor-element-149de18 elementor-column elementor-col-100 elementor-top-column\" data-id=\"149de18\" data-element_type=\"column\">\n\t\t\t<div class=\"elementor-widget-wrap elementor-element-populated\">\n\t\t\t\t\t\t\t\t<section class=\"elementor-element elementor-element-b2c4dd3 elementor-section-boxed elementor-section-height-default elementor-section-height-default elementor-section elementor-inner-section\" data-id=\"b2c4dd3\" data-element_type=\"section\">\n\t\t\t\t\t\t<div class=\"elementor-container elementor-column-gap-default\">\n\t\t\t\t\t<div class=\"elementor-element elementor-element-d45f36e elementor-column elementor-col-50 elementor-inner-column\" data-id=\"d45f36e\" data-element_type=\"column\">\n\t\t\t<div class=\"elementor-widget-wrap elementor-element-populated\">\n\t\t\t\t\t\t\t\t<div class=\"elementor-element elementor-element-b1b44da elementor-widget elementor-widget-image\" data-id=\"b1b44da\" data-element_type=\"widget\" data-widget_type=\"image.default\">\n\t\t\t\t<div class=\"elementor-widget-container\">\n\t\t\t\t\t<div class=\"elementor-image\">\n\t\t\t\t\t\t\t\t\t\t<img width=\"150\" height=\"150\" src=\"https:\/\/www.oakneagle.com\/wp-content\/uploads\/2020\/05\/Oak-n-Eagle-Tab-logo-150x150.gif\" class=\"attachment-thumbnail size-thumbnail\" alt=\"eagle is our symbol\" loading=\"lazy\" srcset=\"https:\/\/www.oakneagle.com\/wp-content\/uploads\/2020\/05\/Oak-n-Eagle-Tab-logo-150x150.gif 150w, https:\/\/www.oakneagle.com\/wp-content\/uploads\/2020\/05\/Oak-n-Eagle-Tab-logo-100x100.gif 100w, https:\/\/www.oakneagle.com\/wp-content\/uploads\/2020\/05\/Oak-n-Eagle-Tab-logo-600x600.gif 600w, https:\/\/www.oakneagle.com\/wp-content\/uploads\/2020\/05\/Oak-n-Eagle-Tab-logo-300x300.gif 300w, https:\/\/www.oakneagle.com\/wp-content\/uploads\/2020\/05\/Oak-n-Eagle-Tab-logo-768x768.gif 768w\" sizes=\"(max-width: 150px) 100vw, 150px\" \/>\t\t\t\t\t\t\t\t\t\t\t<\/div>\n\t\t\t\t<\/div>\n\t\t\t\t<\/div>\n\t\t\t\t\t<\/div>\n\t\t<\/div>\n\t\t\t\t<div class=\"elementor-element elementor-element-2de2689 elementor-column elementor-col-50 elementor-inner-column\" data-id=\"2de2689\" data-element_type=\"column\">\n\t\t\t<div class=\"elementor-widget-wrap elementor-element-populated\">\n\t\t\t\t\t\t\t\t<div class=\"elementor-element elementor-element-5bf5958 elementor-view-default elementor-widget elementor-widget-icon\" data-id=\"5bf5958\" data-element_type=\"widget\" data-widget_type=\"icon.default\">\n\t\t\t\t<div class=\"elementor-widget-container\">\n\t\t\t\t\t<div class=\"elementor-icon-wrapper\">\n\t\t\t<a class=\"elementor-icon elementor-animation-shrink\" href=\"#rp-down\">\n\t\t\t<i aria-hidden=\"true\" class=\"fas fa-arrow-alt-circle-down\"><\/i>\t\t\t<\/a>\n\t\t<\/div>\n\t\t\t\t<\/div>\n\t\t\t\t<\/div>\n\t\t\t\t\t<\/div>\n\t\t<\/div>\n\t\t\t\t\t\t\t<\/div>\n\t\t<\/section>\n\t\t\t\t\t<\/div>\n\t\t<\/div>\n\t\t\t\t\t\t\t<\/div>\n\t\t<\/section>\n\t\t\t\t<section class=\"elementor-element elementor-element-46fbd5ce elementor-section-boxed elementor-section-height-default elementor-section-height-default elementor-section elementor-top-section\" data-id=\"46fbd5ce\" data-element_type=\"section\">\n\t\t\t\t\t\t<div class=\"elementor-container elementor-column-gap-default\">\n\t\t\t\t\t<div class=\"elementor-element elementor-element-3e2c06a1 elementor-column elementor-col-100 elementor-top-column\" data-id=\"3e2c06a1\" data-element_type=\"column\">\n\t\t\t<div class=\"elementor-widget-wrap elementor-element-populated\">\n\t\t\t\t\t\t\t\t<div class=\"elementor-element elementor-element-62449286 elementor-widget elementor-widget-text-editor\" data-id=\"62449286\" data-element_type=\"widget\" data-widget_type=\"text-editor.default\">\n\t\t\t\t<div class=\"elementor-widget-container\">\n\t\t\t\t\t<div class=\"elementor-text-editor elementor-clearfix\"><p><!-- wp:heading --><\/p>\n<h2>Varnostna navodila<\/h2>\n<p><!-- \/wp:heading --><\/p>\n<p><!-- wp:paragraph --><\/p>\n<p>Vsi Oak N' Eagle produkti so zasnovani in narejeni za profesionalni trening. V nobenem primeru ne prevzemamo odgovornosti za nesre\u010de ali po\u0161kodbe, ki so nastale zaradi nepravilne uporabe izdelkov Oak N' Eagle. \u010ce se izdelki uporabljajo z zdravim razumom in v skladu z navodili, se prepre\u010dijo tveganja za nastanek po\u0161kodb uporabnika ali tretjih oseb, \u017eivali, predmetov in lastnine.<\/p>\n<p>Vedno preberite navodila za uporabo in monta\u017eo preden se za\u010dne s sestavljanjem, monta\u017eo in uporabo. Vsak izdelek je opremljen z navodili za uporabo in monta\u017eo (v kolikor je monta\u017ea potrebna). V kolikor navodil ne prejmete skupaj z izdelkom, vas prosimo, da nam po\u0161ljete elektronsko sporo\u010dilo na info@oakneagle.com, da vam jih po\u0161ljemo v elektronski obliki.<\/p>\n<p>Vsa orodja in pripomo\u010dki, ki so priporo\u010deni v navodilih za uporabo, morajo biti na razpolago preden se za\u010dne proces sestavljanja. Odsotnost orodij in pripomo\u010dkov, primernih za tak\u0161no nalogo, lahko vodi do po\u0161kodb ljudi ali predmetov.<\/p>\n<p>Preden za\u010dnete s treningom, pri katerem boste uporabljali na\u0161e produkte, si zagotovite, da je okolje varno in imate dovolj prostora. Izdelke vedno postavite na ravno povr\u0161no, ko je to potrebno.<\/p>\n<p>Lastnik blagovne znamke Oak N' Eagle ni odgovoren za kakr\u0161nekoli po\u0161kodbe, ki so nastale na ljudeh ali predmetih zaradi nepravilne izbire prostora za postavitev, uporabo ali hrambo izdelka.<\/p>\n<p>Narava nam veliko pomeni, zato uporabljamo okolju prijazne materiale za pakiranje. Tudi strankam svetujemo, da odve\u010dne materiale razvrstijo v ustrezne zabojnike.<\/p>\n<p>Plasti\u010dna embala\u017ea mora biti shranjena izven dosega otrok, da se prepre\u010di nevarnost zadu\u0161itve.<\/p>\n<p>Da se ohrani visoke varnostne standarde na\u0161ih izdelkov, Oak N' Eagle svetuje redno vzdr\u017eevanje opreme. Najve\u010d pozornosti naj bo namenjeno opremi (in komponentam), ki je najpogosteje uporabljena in najbolj izpostavljena po\u0161kodbam.<\/p>\n<p>Lesa ne izpostavljajte vlagi in vodi. Ne prevzemamo odgovornosti za morebitne po\u0161kodbe, ki nastanejo zaradi slabih pogojev in uporabe. Zavedajte se, da je les \u017eiv material, v katerem nastanejo razpoke po naravni poti zaradi notranjih procesov. Take razpoke niso razlog za vra\u010dilo izdelka.\u00a0<\/p>\n<p>\u010ce je katerikoli izdelek po\u0161kodovan, obrabljen ali ne funkcionira kot je namenjeno, se mora umakniti iz uporabe dokler ni popravljen ali zamenjan.<\/p>\n<p>Uporaba Oak N' Eagle izdelkov na zunanjih povr\u0161inah skraj\u0161a njihovo \u017eivljenjsko dobo, razen, \u010de so izdelani izrecno za zunanjo uporabo.<\/p>\n<p>Oak N' Eagle ne prevzema odgovornosti za po\u0161kodbe na ljudeh, \u017eivalih ali objektih zaradi ne rednega pregledovanja ali vzdr\u017eevanja opreme.<\/p>\n<p><strong>Priporo\u010deno je, da sledite tem temeljnim pravilom pred in med uporabo izdelkov Oak N\u2019 Eagle:<\/strong><strong>:<\/strong><\/p>\n<ul>\n<li>Vedno uporabite vse varnostne ukrepe zapisane v navodilih za uporabo.<\/li>\n<li>Pri vseh vajah, ki vklju\u010dujejo dvige in spuste, je priporo\u010dljiva uporaba namestitev blazin na obmo\u010dje spusta in izpraznitev neposredne okolice.<\/li>\n<li>Opreme ni dovoljeno preobremeniti. Vsak preobremenjen izdelek bi se lahko zlomil ali upognil ter posledi\u010dno po\u0161kodoval osebe ali predmete.<\/li>\n<li>Pred pri\u010detkom kateregakoli vadbenega programa se posvetujte z zdravnikom in strokovnim trenerjem, tako da prepre\u010dite po\u0161kodbe mi\u0161ic, vezi in kit.<\/li>\n<li>Ustrezno ogrevanje pred pri\u010detkom treninga prepre\u010duje mo\u017enost po\u0161kodb.<\/li>\n<li>Trening vedno pri\u010dnite z la\u017ejimi vajami nato pa stopnjujte te\u017eavnost glede na svoje fizi\u010dne sposobnosti.<\/li>\n<li>V primeru vrtoglavice, te\u017eav z dihanjem, bole\u010din v prsih ali v glavi takoj prekinite s treningom in se posvetujte z zdravnikom, v kolikor zgoraj navedeni simptomi ne pojenjajo.<\/li>\n<li>Vedno trenirajte v lahkotnih in udobnih obla\u010dilih in obutvi.<\/li>\n<li>Treningi naj vedno potekajo na ustrezni povr\u0161ini.<\/li>\n<li>Otroci lahko \u0161portno opremo uporabljajo le pod nadzorom odraslih.<\/li>\n<li>Opremo proizvajamo brez uporabe nevarnih materialov ali strupenih kemi\u010dnih sestavin, vendar je vseeno priporo\u010dljivo, da se izognete zau\u017eitju ali neposrednemu stiku z o\u010dmi. Pazite, da ne pogoltnete drobcev kot na primer okru\u0161kov barve, kroma ali primarne surovine. Nismo odgovorni za alergijske reakcije in po\u0161kodbe ljudi med treningom s \u0161portno opremo Oak N' Eagle.<\/li>\n<li>Zapomniti si velja, da so kemijski proizvodi kot na primer svinec, krom, nikelj ali kadmij v industrijske namene pogosto uporabljeni in lahko spro\u017eijo alergijske reakcije pri ljudeh.<\/li>\n<li>Uporaba izdelkov iz naravnega lateksa lahko spro\u017ei alergijske reakcije na ko\u017ei. Pred za\u010detkom treninga preverite, da niste alergi\u010dni na surovine, ki sestavljajo izdelek.<\/li>\n<li>Les prema\u017eemo z naravnim oljem, ki se uporablja tudi za za\u0161\u010dito igra\u010d. Kljub temu bodite previdni, da ne pride v stik z o\u010dmi ali sluznico, posebno pri otrocih.<\/li>\n<\/ul>\n<p><!-- \/wp:paragraph --><\/p><\/div>\n\t\t\t\t<\/div>\n\t\t\t\t<\/div>\n\t\t\t\t\t<\/div>\n\t\t<\/div>\n\t\t\t\t\t\t\t<\/div>\n\t\t<\/section>\n\t\t\t\t<section class=\"elementor-element elementor-element-48fba72 elementor-hidden-phone elementor-section-boxed elementor-section-height-default elementor-section-height-default elementor-section elementor-top-section\" data-id=\"48fba72\" data-element_type=\"section\" id=\"rp-down\">\n\t\t\t\t\t\t<div class=\"elementor-container elementor-column-gap-default\">\n\t\t\t\t\t<div class=\"elementor-element elementor-element-d9fe7c1 elementor-column elementor-col-50 elementor-top-column\" data-id=\"d9fe7c1\" data-element_type=\"column\">\n\t\t\t<div class=\"elementor-widget-wrap elementor-element-populated\">\n\t\t\t\t\t\t\t\t<div class=\"elementor-element elementor-element-cedc04b elementor-mobile-align-center elementor-align-center elementor-widget elementor-widget-button\" data-id=\"cedc04b\" data-element_type=\"widget\" data-widget_type=\"button.default\">\n\t\t\t\t<div class=\"elementor-widget-container\">\n\t\t\t\t\t<div class=\"elementor-button-wrapper\">\n\t\t\t<a href=\"https:\/\/www.oakneagle.com\/sl\/\" class=\"elementor-button-link elementor-button elementor-size-sm\" role=\"button\">\n\t\t\t\t\t\t<span class=\"elementor-button-content-wrapper\">\n\t\t\t\t\t\t<span class=\"elementor-button-text\">Domov<\/span>\n\t\t<\/span>\n\t\t\t\t\t<\/a>\n\t\t<\/div>\n\t\t\t\t<\/div>\n\t\t\t\t<\/div>\n\t\t\t\t\t<\/div>\n\t\t<\/div>\n\t\t\t\t<div class=\"elementor-element elementor-element-b857475 elementor-column elementor-col-50 elementor-top-column\" data-id=\"b857475\" data-element_type=\"column\">\n\t\t\t<div class=\"elementor-widget-wrap elementor-element-populated\">\n\t\t\t\t\t\t\t\t<div class=\"elementor-element elementor-element-a9b691b elementor-view-default elementor-widget elementor-widget-icon\" data-id=\"a9b691b\" data-element_type=\"widget\" data-widget_type=\"icon.default\">\n\t\t\t\t<div class=\"elementor-widget-container\">\n\t\t\t\t\t<div class=\"elementor-icon-wrapper\">\n\t\t\t<a class=\"elementor-icon elementor-animation-shrink\" href=\"#rp-up\">\n\t\t\t<i aria-hidden=\"true\" class=\"fas fa-arrow-alt-circle-up\"><\/i>\t\t\t<\/a>\n\t\t<\/div>\n\t\t\t\t<\/div>\n\t\t\t\t<\/div>\n\t\t\t\t\t<\/div>\n\t\t<\/div>\n\t\t\t\t\t\t\t<\/div>\n\t\t<\/section>\n\t\t\t\t<section class=\"elementor-element elementor-element-b9bd9ac elementor-hidden-desktop elementor-hidden-tablet elementor-section-boxed elementor-section-height-default elementor-section-height-default elementor-section elementor-top-section\" data-id=\"b9bd9ac\" data-element_type=\"section\" id=\"mrp-down\">\n\t\t\t\t\t\t<div class=\"elementor-container elementor-column-gap-default\">\n\t\t\t\t\t<div class=\"elementor-element elementor-element-3211828 elementor-column elementor-col-100 elementor-top-column\" data-id=\"3211828\" data-element_type=\"column\">\n\t\t\t<div class=\"elementor-widget-wrap elementor-element-populated\">\n\t\t\t\t\t\t\t\t<div class=\"elementor-element elementor-element-f76cbef elementor-view-default elementor-widget elementor-widget-icon\" data-id=\"f76cbef\" data-element_type=\"widget\" data-widget_type=\"icon.default\">\n\t\t\t\t<div class=\"elementor-widget-container\">\n\t\t\t\t\t<div class=\"elementor-icon-wrapper\">\n\t\t\t<a class=\"elementor-icon elementor-animation-shrink\" href=\"#mrp-up\">\n\t\t\t<i aria-hidden=\"true\" class=\"fas fa-arrow-alt-circle-up\"><\/i>\t\t\t<\/a>\n\t\t<\/div>\n\t\t\t\t<\/div>\n\t\t\t\t<\/div>\n\t\t\t\t<div class=\"elementor-element elementor-element-37cca9e elementor-mobile-align-center elementor-align-center elementor-widget elementor-widget-button\" data-id=\"37cca9e\" data-element_type=\"widget\" data-widget_type=\"button.default\">\n\t\t\t\t<div class=\"elementor-widget-container\">\n\t\t\t\t\t<div class=\"elementor-button-wrapper\">\n\t\t\t<a href=\"https:\/\/www.oakneagle.com\/sl\/\" class=\"elementor-button-link elementor-button elementor-size-sm\" role=\"button\">\n\t\t\t\t\t\t<span class=\"elementor-button-content-wrapper\">\n\t\t\t\t\t\t<span class=\"elementor-button-text\">Domov<\/span>\n\t\t<\/span>\n\t\t\t\t\t<\/a>\n\t\t<\/div>\n\t\t\t\t<\/div>\n\t\t\t\t<\/div>\n\t\t\t\t\t<\/div>\n\t\t<\/div>\n\t\t\t\t\t\t\t<\/div>\n\t\t<\/section>\n\t\t\t\t\t\t<\/div>\n\t\t\t\t\t<\/div>","protected":false},"excerpt":{"rendered":"<p>Safety Instructions All Oak N&#8217; Eagle products have been designed and manufactured for professional training. We assume no liability for accidents or injuries resulting from improper use of Oak N&#8217; Eagle products. The tools must be used in accordance with common sense, to avoid and prevent the risk of injuries to the users, people around &hellip;<\/p>\n<p class=\"read-more\"> <a class=\"\" href=\"https:\/\/www.oakneagle.com\/sl\/safety-instructions\/\"> <span class=\"screen-reader-text\">Varnostna navodila<\/span> Read More &raquo;<\/a><\/p>","protected":false},"author":1,"featured_media":0,"parent":0,"menu_order":0,"comment_status":"closed","ping_status":"closed","template":"","meta":[],"_links":{"self":[{"href":"https:\/\/www.oakneagle.com\/sl\/wp-json\/wp\/v2\/pages\/3115"}],"collection":[{"href":"https:\/\/www.oakneagle.com\/sl\/wp-json\/wp\/v2\/pages"}],"about":[{"href":"https:\/\/www.oakneagle.com\/sl\/wp-json\/wp\/v2\/types\/page"}],"author":[{"embeddable":true,"href":"https:\/\/www.oakneagle.com\/sl\/wp-json\/wp\/v2\/users\/1"}],"replies":[{"embeddable":true,"href":"https:\/\/www.oakneagle.com\/sl\/wp-json\/wp\/v2\/comments?post=3115"}],"version-history":[{"count":3,"href":"https:\/\/www.oakneagle.com\/sl\/wp-json\/wp\/v2\/pages\/3115\/revisions"}],"predecessor-version":[{"id":3118,"href":"https:\/\/www.oakneagle.com\/sl\/wp-json\/wp\/v2\/pages\/3115\/revisions\/3118"}],"wp:attachment":[{"href":"https:\/\/www.oakneagle.com\/sl\/wp-json\/wp\/v2\/media?parent=3115"}],"curies":[{"name":"wp","href":"https:\/\/api.w.org\/{rel}","templated":true}]}}