{"id":1062,"date":"2020-04-27T21:34:40","date_gmt":"2020-04-27T19:34:40","guid":{"rendered":"https:\/\/oakneagle.com\/?post_type=product&#038;p=1062"},"modified":"2021-09-19T12:18:51","modified_gmt":"2021-09-19T10:18:51","slug":"standard-wooden-parallettes","status":"publish","type":"product","link":"https:\/\/www.oakneagle.com\/sl\/calisthenics-equipment\/parallettes\/standard-wooden-parallettes\/","title":{"rendered":"Standardne lesene ro\u010dke za trening - Paraleti"},"content":{"rendered":"<h3>Standardne lesene ro\u010dke za trening - Paraleti<\/h3>\n<p>Lesene ro\u010dke za vadbo (imenovani tudi paraleti ali mini bradlja) so nepogre\u0161ljiv pripomo\u010dek pri treningu z lastno telesno te\u017eo. Namenjene so tako vadbi zunaj kot notri. Narejene so iz masivnega lesa javorja (podpora) in bukve (ro\u010daj).<\/p>\n<p>Dol\u017eina standardne razli\u010dice je 35 cm, vi\u0161ina pa 10 cm. Premer ro\u010daja je 3,5 cm.<\/p>\n<h3>Sodoben in uporaben dizajn<\/h3>\n<p>Poseben zlo\u017eljiv dizajn omogo\u010da, da se prilegajo v vsako \u0161portno torbo ali potovalko. Gumirana podloga pa poskrbi za samozavestno izvedbo vaj na skoraj katerikoli podlagi in je ob tem namenjena tudi za\u0161\u010diti parketa v primeru notranje vadbe.<\/p>\n<h3>Z na\u0161imi mini lesenimi ro\u010dkami za vadbo, boste nadgradili svoje spretnosti<\/h3>\n<p>\u261b<strong> \u0160\u010ditijo<\/strong> va\u0161e zapestje med zahtevnej\u0161imi vajami<\/p>\n<p>\u261b <strong>Dodajte<\/strong> nov na\u010din stoje v svoj trening in napredujte hitreje<\/p>\n<p>\u261b <strong>Pove\u010dajte<\/strong> obmo\u010dje gibanja pri sklecah ali sklecah v stoji<\/p>\n<p>\u261b <strong>Razvili<\/strong> smo jih \u0161portniki in jih uporabljamo vsakodnevno<\/p>\n<p>\u261b <strong>Vzemite jih<\/strong> kamorkoli ho\u010dete<\/p>\n<p>\u261b<strong> Vzdr\u017eljive<\/strong> in <strong>stabilne,<\/strong> uporabne tako za notranjo kot zunanjo vadbo<\/p>\n<p>\u261b <strong>Narejene iz trajnostnih materialov,<\/strong> ro\u010dno in\u00a0<strong>brez uporabe kemikalij<\/strong>.<\/p>","protected":false},"excerpt":{"rendered":"<p>Standardne ro\u010dke za trening ohranjajo ravnovesje med velikostjo in prenosnostjo. Zasnovane so za izvedbo osnovnih, kot tudi naprednej\u0161ih vaj. Sodoben zlo\u017eljiv dizajn omogo\u010da, da se prilegajo v ve\u010dino nahrbtnikov in \u0161portnih torb.<\/p>\n<p>Po\u0161tnina nad 100\u20ac je brezpla\u010dna.<\/p>\n<p style=\"text-align: right;\"><a href=\"#description\"><i class=\"fas fa-arrow-circle-right\" style=\"font-size: 20px; color: #cf2424;\"><\/i> <b>Izvedi ve\u010d<\/b><\/a><\/p>","protected":false},"featured_media":3067,"template":"","meta":[],"_links":{"self":[{"href":"https:\/\/www.oakneagle.com\/sl\/wp-json\/wp\/v2\/product\/1062"}],"collection":[{"href":"https:\/\/www.oakneagle.com\/sl\/wp-json\/wp\/v2\/product"}],"about":[{"href":"https:\/\/www.oakneagle.com\/sl\/wp-json\/wp\/v2\/types\/product"}],"version-history":[{"count":25,"href":"https:\/\/www.oakneagle.com\/sl\/wp-json\/wp\/v2\/product\/1062\/revisions"}],"predecessor-version":[{"id":3568,"href":"https:\/\/www.oakneagle.com\/sl\/wp-json\/wp\/v2\/product\/1062\/revisions\/3568"}],"wp:featuredmedia":[{"embeddable":true,"href":"https:\/\/www.oakneagle.com\/sl\/wp-json\/wp\/v2\/media\/3067"}],"wp:attachment":[{"href":"https:\/\/www.oakneagle.com\/sl\/wp-json\/wp\/v2\/media?parent=1062"}],"curies":[{"name":"wp","href":"https:\/\/api.w.org\/{rel}","templated":true}]}}