{"id":1308,"date":"2020-05-06T08:50:38","date_gmt":"2020-05-06T06:50:38","guid":{"rendered":"https:\/\/oakneagle.com\/?post_type=product&#038;p=1308"},"modified":"2021-11-27T20:46:36","modified_gmt":"2021-11-27T18:46:36","slug":"mini-wooden-parallettes","status":"publish","type":"product","link":"https:\/\/www.oakneagle.com\/sl\/calisthenics-equipment\/parallettes\/mini-wooden-parallettes\/","title":{"rendered":"Mini lesene ro\u010dke za vadbo - Paraleti"},"content":{"rendered":"<h3>Mini lesene ro\u010dke za vadbo - Paraleti<\/h3>\n<p>Lesene ro\u010dke za vadbo (imenovani tudi paraleti ali mini bradlja) so nepogre\u0161ljiv pripomo\u010dek pri treningu z lastno telesno te\u017eo. Namenjene so vadbi zunaj in notri. Narejene so iz masivnega lesa javorja (podpora) in bukve (ro\u010daj).<\/p>\n<p>Mini razli\u010dica je dolga 24 cm in visoka 7 cm. Palica ima premer 3 cm.<\/p>\n<p>Mini lesene ro\u010dke so tudi odli\u010den pripomo\u010dek pri <strong>vadbi joge<\/strong> .<\/p>\n<h3>Sodoben in uporaben dizajn<\/h3>\n<p>Njihov enostaven dizajn omogo\u010da enostavno zlaganje in shranjevanje v torbah, kar je navadno te\u017eava pri ostalih razli\u010dicah. Vzamete jih lahko kamorkoli, posebno so priro\u010dne za potovanja. Druga pomembna lastnost je tanka gumirana podloga, ki poskrbi za varno in stabilno izvajanje vaj na raznih povr\u0161inah, ob tem pa tudi \u0161\u010diti va\u0161a tla v stanovanju pred praskami.<\/p>\n<h3>Z na\u0161imi mini lesenimi ro\u010dkami za vadbo, boste nadgradili svoje spretnosti<\/h3>\n<p>\u261b<strong> \u0160\u010ditijo<\/strong> va\u0161e zapestje med zahtevnej\u0161imi vajami<\/p>\n<p>\u261b <strong>Dodajte<\/strong> nov na\u010din stoje v svoj trening in napredujte hitreje<\/p>\n<p>\u261b <strong>Pove\u010dajte<\/strong> obmo\u010dje gibanja pri sklecah ali sklecah v stoji<\/p>\n<p>\u261b <strong>Razvili<\/strong> smo jih \u0161portniki in jih uporabljamo vsakodnevno<\/p>\n<p>\u261b <strong>Vzemite jih<\/strong> kamorkoli ho\u010dete<\/p>\n<p>\u261b<strong> Vzdr\u017eljive<\/strong> in <strong>stabilne,<\/strong> uporabne tako za notranjo kot zunanjo vadbo<\/p>\n<p>\u261b <strong>Narejene iz trajnostnih materialov,<\/strong> ro\u010dno in\u00a0<strong>brez uporabe kemikalij<\/strong>.<\/p>","protected":false},"excerpt":{"rendered":"<p>Mali paraleti bodo z vami \u0161li povsod. Zasnovani in narejeni so tako, da jih lahko pospravite v vsako va\u0161o torbo ali nahrbtnik. Med vadbo vam dajejo oporo in stabilnost, ob tem pa tudi \u0161\u010ditijo va\u0161e zapestje pred bole\u010dinami in po\u0161kodbami. Name\u0161\u010dena protizdrsna guma poskrbi za samozavestno izvedbo vaj na skoraj vseh podlagah. Namenjene so predvsem ljudem, ki so veliko na poti in ljubiteljem joge.<\/p>\n<p>Po\u0161tnina nad 100\u20ac je brezpla\u010dna.<\/p>\n<p style=\"text-align: right;\"><a href=\"#description\"><i class=\"fas fa-arrow-circle-right\" style=\"font-size: 20px; color: #cf2424;\"><\/i> <b>Izvedi ve\u010d<\/b><\/a><\/p>","protected":false},"featured_media":3064,"template":"","meta":[],"_links":{"self":[{"href":"https:\/\/www.oakneagle.com\/sl\/wp-json\/wp\/v2\/product\/1308"}],"collection":[{"href":"https:\/\/www.oakneagle.com\/sl\/wp-json\/wp\/v2\/product"}],"about":[{"href":"https:\/\/www.oakneagle.com\/sl\/wp-json\/wp\/v2\/types\/product"}],"version-history":[{"count":17,"href":"https:\/\/www.oakneagle.com\/sl\/wp-json\/wp\/v2\/product\/1308\/revisions"}],"predecessor-version":[{"id":3567,"href":"https:\/\/www.oakneagle.com\/sl\/wp-json\/wp\/v2\/product\/1308\/revisions\/3567"}],"wp:featuredmedia":[{"embeddable":true,"href":"https:\/\/www.oakneagle.com\/sl\/wp-json\/wp\/v2\/media\/3064"}],"wp:attachment":[{"href":"https:\/\/www.oakneagle.com\/sl\/wp-json\/wp\/v2\/media?parent=1308"}],"curies":[{"name":"wp","href":"https:\/\/api.w.org\/{rel}","templated":true}]}}