{"id":1995,"date":"2020-05-23T16:17:40","date_gmt":"2020-05-23T14:17:40","guid":{"rendered":"https:\/\/oakneagle.com\/?post_type=product&#038;p=1995"},"modified":"2021-11-27T20:37:48","modified_gmt":"2021-11-27T18:37:48","slug":"high-wooden-parallettes","status":"publish","type":"product","link":"https:\/\/www.oakneagle.com\/sl\/calisthenics-equipment\/parallettes\/high-wooden-parallettes\/","title":{"rendered":"Visoke lesene ro\u010dke za vadbo - Paraleti"},"content":{"rendered":"<h3>Visoke lesene ro\u010dke za trening - Paraleti<\/h3>\n<p>Lesene ro\u010dke za vadbo (imenovani tudi paraleti ali mini bradlja) so nepogre\u0161ljiv pripomo\u010dek pri treningu z lastno telesno te\u017eo. Zasnovane so za vadbo zunaj in notri. Izdelane so iz masivnega lesa javorja (podpora) in bukve (ro\u010daj).<\/p>\n<p>Dol\u017eina visoke razli\u010dice je 36 cm, vi\u0161ina pa 17 cm. Premer ro\u010daja je 4 cm, kar omogo\u010da bolj\u0161i oprijem in podporo pri izvajanju zahtevnih vaj.<\/p>\n<p>Zaradi svoje vi\u0161ine ponujajo ve\u010dje obmo\u010dje gibanja pri izvajanju vaj kot so na primer sklece v stoji.<\/p>\n<h3>Sodoben in uporaben dizajn<\/h3>\n<p>Kljub svoji velikosti, jim zlo\u017eljiv dizajn omogo\u010da, da se prilegajo v ve\u010dino \u0161portnih torb in potovalk. Gumirana podloga pa poskrbi za samozavestno izvedbo vaj na skoraj katerikoli podlagi in ob tem poskrbi za za\u0161\u010dito parketa v primeru notranje vadbe.<\/p>\n<h3>Z na\u0161imi mini lesenimi ro\u010dkami za vadbo, boste nadgradili svoje spretnosti<\/h3>\n<p>\u261b<strong> \u0160\u010ditijo<\/strong> va\u0161e zapestje med zahtevnej\u0161imi vajami<\/p>\n<p>\u261b <strong>Dodajte<\/strong> nov na\u010din stoje v svoj trening in napredujte hitreje<\/p>\n<p>\u261b <strong>Pove\u010dajte<\/strong> obmo\u010dje gibanja pri sklecah ali sklecah v stoji<\/p>\n<p>\u261b <strong>Razvili<\/strong> smo jih \u0161portniki in jih uporabljamo vsakodnevno<\/p>\n<p>\u261b<strong> Vzdr\u017eljive<\/strong> in <strong>stabilne,<\/strong> uporabne tako za notranjo kot zunanjo vadbo<\/p>\n<p>\u261b <strong>Narejene iz trajnostnih materialov,<\/strong> ro\u010dno in\u00a0<strong>brez uporabe kemikalij<\/strong>.<\/p>","protected":false},"excerpt":{"rendered":"<p>Visoki leseni paraleti, imenovani tudi mini bradlja, bodo dvignili va\u0161 trening na novo raven.  Zasnovani so za to, da dajejo oporo in stabilnost med vadbo. Pri izvajanju zahtevnej\u0161ih vaj \u0161\u010ditijo va\u0161e zapestje pred bole\u010dinami in po\u0161kodbami. Zaradi svoje vi\u0161ine ponujajo ve\u010dje obmo\u010dje gibanja pri izvajanju sklec, stoj ali sklec v stoji. Namenjene so predvsem zahtevnej\u0161im uporabnikom.<\/p>\n<p>Po\u0161tnina nad 100\u20ac je brezpla\u010dna.<\/p>\n<p style=\"text-align: right;\"><a href=\"#description\"><i class=\"fas fa-arrow-circle-right\" style=\"font-size: 20px; color: #cf2424;\"><\/i> <b>Izvedi ve\u010d<\/b><\/a><\/p>","protected":false},"featured_media":3071,"template":"","meta":[],"_links":{"self":[{"href":"https:\/\/www.oakneagle.com\/sl\/wp-json\/wp\/v2\/product\/1995"}],"collection":[{"href":"https:\/\/www.oakneagle.com\/sl\/wp-json\/wp\/v2\/product"}],"about":[{"href":"https:\/\/www.oakneagle.com\/sl\/wp-json\/wp\/v2\/types\/product"}],"version-history":[{"count":25,"href":"https:\/\/www.oakneagle.com\/sl\/wp-json\/wp\/v2\/product\/1995\/revisions"}],"predecessor-version":[{"id":3899,"href":"https:\/\/www.oakneagle.com\/sl\/wp-json\/wp\/v2\/product\/1995\/revisions\/3899"}],"wp:featuredmedia":[{"embeddable":true,"href":"https:\/\/www.oakneagle.com\/sl\/wp-json\/wp\/v2\/media\/3071"}],"wp:attachment":[{"href":"https:\/\/www.oakneagle.com\/sl\/wp-json\/wp\/v2\/media?parent=1995"}],"curies":[{"name":"wp","href":"https:\/\/api.w.org\/{rel}","templated":true}]}}